{"id":6393,"date":"2024-07-04T14:19:06","date_gmt":"2024-07-04T12:19:06","guid":{"rendered":"https:\/\/tirpitz.dk\/?page_id=6393"},"modified":"2025-09-11T11:58:12","modified_gmt":"2025-09-11T09:58:12","slug":"veranstaltungskalender","status":"publish","type":"page","link":"https:\/\/tirpitz.dk\/de\/veranstaltungskalender\/","title":{"rendered":"Veranstaltungskalender"},"content":{"rendered":"<div id=\"pl-6393\"  class=\"panel-layout\" ><div id=\"pg-6393-0\"  class=\"panel-grid panel-no-style\" ><div id=\"pgc-6393-0-0\"  class=\"panel-grid-cell\" ><div id=\"panel-6393-0-0-0\" class=\"so-panel widget widget_mtt-cover panel-first-child panel-last-child\" data-index=\"0\" ><div\n\t\t\t\n\t\t\tclass=\"so-widget-mtt-cover so-widget-mtt-cover-base\"\n\t\t\t\n\t\t><div class=\"mtt-cover mtt-cover--sub\">\n  <div class=\"mtt-cover__image-container\">\n    <div class=\"mtt-cover__image-container--image overlay\">\n        <div class=\"mtt-image-video-block normal\">\n            <div class=\"mtt-image object-fit\">\n            <picture fetchpriority=\"auto\">\n                                            <img decoding=\"async\" src=\"https:\/\/tirpitz.dk\/wp-content\/uploads\/sites\/2\/2024\/04\/Langli-Vadevandring-scaled-1-2000x1334.jpg\" alt=\"Langli &#8211; Vadevandring\" fetchpriority=\"auto\">\n            <\/picture>\n        <\/div>\n        <\/div>\n    <\/div>\n  <\/div>\n      <div class=\"mtt-cover__text-container cover_page_container\">\n    <div class=\"mtt-cover__text-wrap\">\n                          <div class=\"mtt-cover__title\">\n            <h1>Veranstaltungskalender<\/h1>\n          <\/div>\n                            <\/div>\n        <\/div>\n  <div class=\"mtt-cover__svg\">\n      <svg xmlns=\"http:\/\/www.w3.org\/2000\/svg\" width=\"1923.042\" height=\"382.637\" viewBox=\"0 0 1923.042 382.637\">\n  <g transform=\"translate(3.043 -557.001)\">\n    <path data-name=\"Subtraction 4\" d=\"M-6280.959-923.362H-8204v-276.768l103.044,67.374v85.516l487.976,113.711,500.138-139.6,382.083,30.8,158.417-66.99,95.493,59.2,95.891-59.444v-119.605l.215-.167c.976-.758,97.6-75.766,99.786-76.667v382.636Z\" transform=\"translate(8200.958 1863)\" fill=\"#13181a\"\/>\n    <path data-name=\"Path 9461\" d=\"M9832.678,2077.319l-158.48,67.017-382.219-30.352,120.473-123.219,420.227,86.554Z\" transform=\"translate(-8203.999 -1323.664)\" fill=\"#13181a\" opacity=\"0.5\"\/>\n    <path data-name=\"Path 9462\" d=\"M9930.352,2036.573l-56.324,47.2v82.025l95.891-59.444v-69.777Z\" transform=\"translate(-8149.918 -1352.911)\" fill=\"#13181a\" opacity=\"0.5\"\/>\n    <path data-name=\"Path 9463\" d=\"M8304,2046.53l82.661-22.4v126.95L8304,2131.594Z\" transform=\"translate(-8204 -1316)\" fill=\"#13181a\" opacity=\"0.5\"\/>\n  <\/g>\n<\/svg>  <\/div>\n<\/div><\/div><\/div><\/div><\/div><div id=\"pg-6393-1\"  class=\"panel-grid panel-no-style\" ><div id=\"pgc-6393-1-0\"  class=\"panel-grid-cell\" ><div id=\"panel-6393-1-0-0\" class=\"so-panel widget widget_mtt-activities-widget panel-first-child panel-last-child\" data-index=\"1\" ><div\n\t\t\t\n\t\t\tclass=\"so-widget-mtt-activities-widget so-widget-mtt-activities-widget-base\"\n\t\t\t\n\t\t>\n<div class=\"mtt-activities\">\n  <div class=\"page_container\">\n    <div class=\"mtt-activities__title-wrapper\">\n                  <h2 class=\"mtt-activities__title\">Erleben Sie die Geheimnisse der Westk\u00fcste <\/h2>\n            <\/div>\n\n    <div class=\"mtt-activities__wrapper\">\n      <div class=\"mtt-activities__inner\">\n\n                                          \n<a href=\"https:\/\/tirpitz.dk\/de\/aktivitet\/natursafari-die-versteckten-tiere-im-wattenmeer-10\/\" class=\"mtt-activity-card  tirpitz\">\n  <div class=\"mtt-activity-card__image-wrapper\">\n\n      <img loading=\"lazy\" decoding=\"async\" width=\"2048\" height=\"1365\" src=\"https:\/\/tirpitz.dk\/wp-content\/uploads\/sites\/2\/2025\/06\/DSC03027.jpg\" class=\"attachment-post-thumbnail size-post-thumbnail wp-post-image\" alt=\"\" srcset=\"https:\/\/tirpitz.dk\/wp-content\/uploads\/sites\/2\/2025\/06\/DSC03027.jpg 2048w, https:\/\/tirpitz.dk\/wp-content\/uploads\/sites\/2\/2025\/06\/DSC03027-300x200.jpg 300w, https:\/\/tirpitz.dk\/wp-content\/uploads\/sites\/2\/2025\/06\/DSC03027-1024x683.jpg 1024w, https:\/\/tirpitz.dk\/wp-content\/uploads\/sites\/2\/2025\/06\/DSC03027-768x512.jpg 768w, https:\/\/tirpitz.dk\/wp-content\/uploads\/sites\/2\/2025\/06\/DSC03027-150x100.jpg 150w, https:\/\/tirpitz.dk\/wp-content\/uploads\/sites\/2\/2025\/06\/DSC03027-2000x1333.jpg 2000w, https:\/\/tirpitz.dk\/wp-content\/uploads\/sites\/2\/2025\/06\/DSC03027-600x400.jpg 600w\" sizes=\"auto, (max-width: 2048px) 100vw, 2048px\" \/>\n        <\/div>\n\n  <div class=\"mtt-activity-card__content-wrapper\">\n    <div class=\"mtt-activity-card__text\">\n                  <h4 class=\"mtt-activity-card__title\">\n              NaturSafari: Die versteckten Tiere im Wattenmeer          <\/h4>\n        \n            <\/div>\n\n    <div class=\"mtt-activity-card__information-wrapper\">\n\n                  <div class=\"mtt-activity-card__info\">\n              <svg xmlns=\"http:\/\/www.w3.org\/2000\/svg\" width=\"24.011\" height=\"24\" viewBox=\"0 0 24.011 24\">\n  <path data-name=\"Path 9715\" d=\"M19.375,1.958h-.9V1.051a.938.938,0,1,0-1.875,0v.906h-9.2V1.051a.938.938,0,0,0-1.875,0v.906h-.9A4.641,4.641,0,0,0,0,6.593V19.478a4.641,4.641,0,0,0,4.636,4.636H19.375a4.641,4.641,0,0,0,4.636-4.636V6.593a4.641,4.641,0,0,0-4.636-4.636ZM4.636,3.833h.9V5.661a.938.938,0,0,0,1.875,0V3.833h9.2V5.661a.938.938,0,0,0,1.875,0V3.833h.9a2.764,2.764,0,0,1,2.761,2.761v.9H1.875v-.9A2.764,2.764,0,0,1,4.636,3.833ZM19.375,22.239H4.636a2.764,2.764,0,0,1-2.761-2.761V9.364H22.136V19.478a2.764,2.764,0,0,1-2.761,2.761ZM8.328,13.052a.937.937,0,0,1-.937.938H5.547a.938.938,0,0,1,0-1.875H7.391A.938.938,0,0,1,8.328,13.052Zm11.073,0a.937.937,0,0,1-.938.938H16.62a.938.938,0,0,1,0-1.875h1.844A.938.938,0,0,1,19.4,13.052Zm-5.542,0a.937.937,0,0,1-.937.938H11.078a.938.938,0,1,1,0-1.875h1.844A.938.938,0,0,1,13.859,13.052ZM8.328,18.583a.937.937,0,0,1-.937.937H5.547a.937.937,0,1,1,0-1.875H7.391A.938.938,0,0,1,8.328,18.583Zm11.073,0a.937.937,0,0,1-.938.937H16.62a.937.937,0,1,1,0-1.875h1.844A.938.938,0,0,1,19.4,18.583Zm-5.542,0a.937.937,0,0,1-.937.937H11.078a.937.937,0,1,1,0-1.875h1.844A.938.938,0,0,1,13.859,18.583Z\" transform=\"translate(0 -0.114)\" fill=\"#f8d747\"\/>\n<\/svg>\n            <span>1. juli 2026 - 31. august 2026<\/span>\n          <\/div>\n        \n      <div class=\"mtt-activity-card__info\">\n          <svg id=\"time_2_\" data-name=\"time (2)\" xmlns=\"http:\/\/www.w3.org\/2000\/svg\" width=\"16\" height=\"16\" viewBox=\"0 0 16 16\">\n    <g id=\"Group_19461\" data-name=\"Group 19461\">\n        <path id=\"Path_9703\" data-name=\"Path 9703\" d=\"M8,0a8,8,0,1,0,8,8A8,8,0,0,0,8,0Zm.571,8A.571.571,0,0,1,8,8.571H3.429a.571.571,0,0,1,0-1.143h4v-4a.571.571,0,1,1,1.143,0Z\" fill=\"#f8d747\"\/>\n    <\/g>\n<\/svg>\n\n                      <span>\n                \n                  <span>10:00<\/span>\n                \n                  <span>00:00<\/span>\n                              <\/span>\n                <\/div>\n\n                  <div class=\"mtt-activity-card__info\">\n              <svg xmlns=\"http:\/\/www.w3.org\/2000\/svg\" width=\"12.444\" height=\"16\" viewBox=\"0 0 12.444 16\">\n    <path id=\"Path_9673\" data-name=\"Path 9673\" d=\"M17.222,5A6.222,6.222,0,0,0,11,11.222C11,16.259,17.222,21,17.222,21s6.222-4.741,6.222-9.778A6.222,6.222,0,0,0,17.222,5Zm0,9.185a2.963,2.963,0,1,1,2.963-2.963A2.963,2.963,0,0,1,17.222,14.185Z\" transform=\"translate(-11 -5)\" fill=\"#f8d747\"\/>\n<\/svg>            <span>S\u00f8nderballevej, Ho, 6857 Bl\u00e5vand  <\/span>\n          <\/div>\n            <\/div>\n  <\/div>\n<\/a>\n<a href=\"https:\/\/tirpitz.dk\/de\/aktivitet\/langli-die-unbewohnte-unesco-insel-im-wattenmeer\/\" class=\"mtt-activity-card  tirpitz\">\n  <div class=\"mtt-activity-card__image-wrapper\">\n\n      <img loading=\"lazy\" decoding=\"async\" width=\"2560\" height=\"1707\" src=\"https:\/\/tirpitz.dk\/wp-content\/uploads\/sites\/2\/2024\/04\/Langli-Vadevandring-scaled-1.jpg\" class=\"attachment-post-thumbnail size-post-thumbnail wp-post-image\" alt=\"\" srcset=\"https:\/\/tirpitz.dk\/wp-content\/uploads\/sites\/2\/2024\/04\/Langli-Vadevandring-scaled-1.jpg 2560w, https:\/\/tirpitz.dk\/wp-content\/uploads\/sites\/2\/2024\/04\/Langli-Vadevandring-scaled-1-1024x683.jpg 1024w, https:\/\/tirpitz.dk\/wp-content\/uploads\/sites\/2\/2024\/04\/Langli-Vadevandring-scaled-1-768x512.jpg 768w, https:\/\/tirpitz.dk\/wp-content\/uploads\/sites\/2\/2024\/04\/Langli-Vadevandring-scaled-1-150x100.jpg 150w, https:\/\/tirpitz.dk\/wp-content\/uploads\/sites\/2\/2024\/04\/Langli-Vadevandring-scaled-1-2000x1334.jpg 2000w, https:\/\/tirpitz.dk\/wp-content\/uploads\/sites\/2\/2024\/04\/Langli-Vadevandring-scaled-1-300x200.jpg 300w, https:\/\/tirpitz.dk\/wp-content\/uploads\/sites\/2\/2024\/04\/Langli-Vadevandring-scaled-1-600x400.jpg 600w\" sizes=\"auto, (max-width: 2560px) 100vw, 2560px\" \/>\n        <\/div>\n\n  <div class=\"mtt-activity-card__content-wrapper\">\n    <div class=\"mtt-activity-card__text\">\n                  <h4 class=\"mtt-activity-card__title\">\n              Langli \u2013 Die unbewohnte UNESCO Insel im Wattenmeer          <\/h4>\n        \n            <\/div>\n\n    <div class=\"mtt-activity-card__information-wrapper\">\n\n                  <div class=\"mtt-activity-card__info\">\n              <svg xmlns=\"http:\/\/www.w3.org\/2000\/svg\" width=\"24.011\" height=\"24\" viewBox=\"0 0 24.011 24\">\n  <path data-name=\"Path 9715\" d=\"M19.375,1.958h-.9V1.051a.938.938,0,1,0-1.875,0v.906h-9.2V1.051a.938.938,0,0,0-1.875,0v.906h-.9A4.641,4.641,0,0,0,0,6.593V19.478a4.641,4.641,0,0,0,4.636,4.636H19.375a4.641,4.641,0,0,0,4.636-4.636V6.593a4.641,4.641,0,0,0-4.636-4.636ZM4.636,3.833h.9V5.661a.938.938,0,0,0,1.875,0V3.833h9.2V5.661a.938.938,0,0,0,1.875,0V3.833h.9a2.764,2.764,0,0,1,2.761,2.761v.9H1.875v-.9A2.764,2.764,0,0,1,4.636,3.833ZM19.375,22.239H4.636a2.764,2.764,0,0,1-2.761-2.761V9.364H22.136V19.478a2.764,2.764,0,0,1-2.761,2.761ZM8.328,13.052a.937.937,0,0,1-.937.938H5.547a.938.938,0,0,1,0-1.875H7.391A.938.938,0,0,1,8.328,13.052Zm11.073,0a.937.937,0,0,1-.938.938H16.62a.938.938,0,0,1,0-1.875h1.844A.938.938,0,0,1,19.4,13.052Zm-5.542,0a.937.937,0,0,1-.937.938H11.078a.938.938,0,1,1,0-1.875h1.844A.938.938,0,0,1,13.859,13.052ZM8.328,18.583a.937.937,0,0,1-.937.937H5.547a.937.937,0,1,1,0-1.875H7.391A.938.938,0,0,1,8.328,18.583Zm11.073,0a.937.937,0,0,1-.938.937H16.62a.937.937,0,1,1,0-1.875h1.844A.938.938,0,0,1,19.4,18.583Zm-5.542,0a.937.937,0,0,1-.937.937H11.078a.937.937,0,1,1,0-1.875h1.844A.938.938,0,0,1,13.859,18.583Z\" transform=\"translate(0 -0.114)\" fill=\"#f8d747\"\/>\n<\/svg>\n            <span>21. juli 2026 - 4. september 2026<\/span>\n          <\/div>\n        \n      <div class=\"mtt-activity-card__info\">\n          <svg id=\"time_2_\" data-name=\"time (2)\" xmlns=\"http:\/\/www.w3.org\/2000\/svg\" width=\"16\" height=\"16\" viewBox=\"0 0 16 16\">\n    <g id=\"Group_19461\" data-name=\"Group 19461\">\n        <path id=\"Path_9703\" data-name=\"Path 9703\" d=\"M8,0a8,8,0,1,0,8,8A8,8,0,0,0,8,0Zm.571,8A.571.571,0,0,1,8,8.571H3.429a.571.571,0,0,1,0-1.143h4v-4a.571.571,0,1,1,1.143,0Z\" fill=\"#f8d747\"\/>\n    <\/g>\n<\/svg>\n\n                      <span>\n                \n                  <span>12:00<\/span>\n                \n                  <span>16:00<\/span>\n                              <\/span>\n                <\/div>\n\n                  <div class=\"mtt-activity-card__info\">\n              <svg xmlns=\"http:\/\/www.w3.org\/2000\/svg\" width=\"12.444\" height=\"16\" viewBox=\"0 0 12.444 16\">\n    <path id=\"Path_9673\" data-name=\"Path 9673\" d=\"M17.222,5A6.222,6.222,0,0,0,11,11.222C11,16.259,17.222,21,17.222,21s6.222-4.741,6.222-9.778A6.222,6.222,0,0,0,17.222,5Zm0,9.185a2.963,2.963,0,1,1,2.963-2.963A2.963,2.963,0,0,1,17.222,14.185Z\" transform=\"translate(-11 -5)\" fill=\"#f8d747\"\/>\n<\/svg>            <span>S\u00f8nderballevej i Ho, 6857 Bl\u00e5vand<\/span>\n          <\/div>\n            <\/div>\n  <\/div>\n<\/a>                                          \n                <\/div>\n\n                  <div class=\"mtt-pagination-wrapper\">\n              \n<div class=\"mtt-pagination\">\n  <div class=\"mtt-pagination__inner\">\n        <\/div>\n<\/div>          <\/div>\n            <\/div>\n  <\/div>\n<\/div><\/div><\/div><\/div><\/div><div id=\"pg-6393-2\"  class=\"panel-grid panel-no-style\" ><div id=\"pgc-6393-2-0\"  class=\"panel-grid-cell\" ><div id=\"panel-6393-2-0-0\" class=\"so-panel widget widget_mtt-text-image panel-first-child panel-last-child\" data-index=\"2\" ><div\n\t\t\t\n\t\t\tclass=\"so-widget-mtt-text-image so-widget-mtt-text-image-base\"\n\t\t\t\n\t\t>\n<div class=\"mtt-text-image\">\n  <div class=\"mtt-text-image__inner page_container text-image\">\n    <div class=\"mtt-text-image__text-container\">\n                <h2 class=\"mtt-text-image__title\">Aktivit\u00e4ten in der Umgebung<\/h2>        <p class=\"mtt-text-image__text\">Entdecken Sie kommende Veranstaltungen in der Umgebung und in unseren anderen Museen \u00fcber den untenstehenden Link.<\/p>                        \n  <div class=\"button-section\">\n\n    \n        <a href=\"https:\/\/vardemuseerne.dk\/aktiviteter\/\" class=\"button outline_white\">\n                    Weitere Aktivit\u00e4ten anzeigen        <\/a>\n\n    \n  <\/div>\n\n    <\/div>\n    <div class=\"mtt-text-image__image\">\n      <div class=\"mtt-text-image__image--inner\">\n                <div class=\"mtt-image-video-block tirpitz\">\n            <div class=\"mtt-image object-fit\">\n            <picture fetchpriority=\"auto\">\n                                            <img decoding=\"async\" src=\"https:\/\/tirpitz.dk\/wp-content\/uploads\/sites\/2\/2025\/04\/fyr-og-fyrmesterbolig.jpg\" alt=\"fyr-og-fyrmesterbolig\" fetchpriority=\"auto\">\n            <\/picture>\n        <\/div>\n        <\/div>\n      <\/div>\n    <\/div>\n  <\/div>\n<\/div>\n\n\n<\/div><\/div><\/div><\/div><\/div>","protected":false},"excerpt":{"rendered":"<p>Veranstaltungskalender Erleben Sie die Geheimnisse der Westk\u00fcste NaturSafari: Die versteckten Tiere im Wattenmeer 1. juli 2026 &#8211; 31. august 2026 10:00 00:00 S\u00f8nderballevej, Ho, 6857 Bl\u00e5vand Langli \u2013 Die unbewohnte UNESCO Insel im Wattenmeer 21. juli 2026 &#8211; 4. september 2026 12:00 16:00 S\u00f8nderballevej i Ho, 6857 Bl\u00e5vand Aktivit\u00e4ten in der Umgebung Entdecken Sie kommende [&hellip;]<\/p>\n","protected":false},"author":14,"featured_media":0,"parent":0,"menu_order":0,"comment_status":"closed","ping_status":"closed","template":"","meta":{"_acf_changed":false,"inline_featured_image":false,"footnotes":""},"class_list":["post-6393","page","type-page","status-publish","hentry"],"acf":[],"yoast_head":"<!-- This site is optimized with the Yoast SEO plugin v27.1 - https:\/\/yoast.com\/product\/yoast-seo-wordpress\/ -->\n<title>Veranstaltungskalender - Tirpitz<\/title>\n<meta name=\"robots\" content=\"index, follow, max-snippet:-1, max-image-preview:large, max-video-preview:-1\" \/>\n<link rel=\"canonical\" href=\"https:\/\/tirpitz.dk\/de\/veranstaltungskalender\/\" \/>\n<meta property=\"og:locale\" content=\"de_DE\" \/>\n<meta property=\"og:type\" content=\"article\" \/>\n<meta property=\"og:title\" content=\"Veranstaltungskalender - Tirpitz\" \/>\n<meta property=\"og:description\" content=\"Veranstaltungskalender Erleben Sie die Geheimnisse der Westk\u00fcste NaturSafari: Die versteckten Tiere im Wattenmeer 1. juli 2026 - 31. august 2026 10:00 00:00 S\u00f8nderballevej, Ho, 6857 Bl\u00e5vand Langli \u2013 Die unbewohnte UNESCO Insel im Wattenmeer 21. juli 2026 - 4. september 2026 12:00 16:00 S\u00f8nderballevej i Ho, 6857 Bl\u00e5vand Aktivit\u00e4ten in der Umgebung Entdecken Sie kommende [&hellip;]\" \/>\n<meta property=\"og:url\" content=\"https:\/\/tirpitz.dk\/de\/veranstaltungskalender\/\" \/>\n<meta property=\"og:site_name\" content=\"Tirpitz\" \/>\n<meta property=\"article:modified_time\" content=\"2025-09-11T09:58:12+00:00\" \/>\n<meta name=\"twitter:card\" content=\"summary_large_image\" \/>\n<meta name=\"twitter:label1\" content=\"Gesch\u00e4tzte Lesezeit\" \/>\n\t<meta name=\"twitter:data1\" content=\"1\u00a0Minute\" \/>\n<script type=\"application\/ld+json\" class=\"yoast-schema-graph\">{\"@context\":\"https:\/\/schema.org\",\"@graph\":[{\"@type\":\"WebPage\",\"@id\":\"https:\/\/tirpitz.dk\/de\/veranstaltungskalender\/\",\"url\":\"https:\/\/tirpitz.dk\/de\/veranstaltungskalender\/\",\"name\":\"Veranstaltungskalender - Tirpitz\",\"isPartOf\":{\"@id\":\"https:\/\/tirpitz.dk\/#website\"},\"datePublished\":\"2024-07-04T12:19:06+00:00\",\"dateModified\":\"2025-09-11T09:58:12+00:00\",\"breadcrumb\":{\"@id\":\"https:\/\/tirpitz.dk\/de\/veranstaltungskalender\/#breadcrumb\"},\"inLanguage\":\"de\",\"potentialAction\":[{\"@type\":\"ReadAction\",\"target\":[\"https:\/\/tirpitz.dk\/de\/veranstaltungskalender\/\"]}]},{\"@type\":\"BreadcrumbList\",\"@id\":\"https:\/\/tirpitz.dk\/de\/veranstaltungskalender\/#breadcrumb\",\"itemListElement\":[{\"@type\":\"ListItem\",\"position\":1,\"name\":\"Hjem\",\"item\":\"https:\/\/tirpitz.dk\/de\/\"},{\"@type\":\"ListItem\",\"position\":2,\"name\":\"Veranstaltungskalender\"}]},{\"@type\":\"WebSite\",\"@id\":\"https:\/\/tirpitz.dk\/#website\",\"url\":\"https:\/\/tirpitz.dk\/\",\"name\":\"Tirpitz\",\"description\":\"Eine weitere Website der Vardemuseerne\",\"publisher\":{\"@id\":\"https:\/\/tirpitz.dk\/#organization\"},\"potentialAction\":[{\"@type\":\"SearchAction\",\"target\":{\"@type\":\"EntryPoint\",\"urlTemplate\":\"https:\/\/tirpitz.dk\/?s={search_term_string}\"},\"query-input\":{\"@type\":\"PropertyValueSpecification\",\"valueRequired\":true,\"valueName\":\"search_term_string\"}}],\"inLanguage\":\"de\"},{\"@type\":\"Organization\",\"@id\":\"https:\/\/tirpitz.dk\/#organization\",\"name\":\"Tirpitz\",\"url\":\"https:\/\/tirpitz.dk\/\",\"logo\":{\"@type\":\"ImageObject\",\"inLanguage\":\"de\",\"@id\":\"https:\/\/tirpitz.dk\/#\/schema\/logo\/image\/\",\"url\":\"https:\/\/tirpitz.dk\/wp-content\/uploads\/sites\/2\/2022\/03\/tirpitz_yellow.svg\",\"contentUrl\":\"https:\/\/tirpitz.dk\/wp-content\/uploads\/sites\/2\/2022\/03\/tirpitz_yellow.svg\",\"width\":147,\"height\":32,\"caption\":\"Tirpitz\"},\"image\":{\"@id\":\"https:\/\/tirpitz.dk\/#\/schema\/logo\/image\/\"}}]}<\/script>\n<!-- \/ Yoast SEO plugin. -->","yoast_head_json":{"title":"Veranstaltungskalender - Tirpitz","robots":{"index":"index","follow":"follow","max-snippet":"max-snippet:-1","max-image-preview":"max-image-preview:large","max-video-preview":"max-video-preview:-1"},"canonical":"https:\/\/tirpitz.dk\/de\/veranstaltungskalender\/","og_locale":"de_DE","og_type":"article","og_title":"Veranstaltungskalender - Tirpitz","og_description":"Veranstaltungskalender Erleben Sie die Geheimnisse der Westk\u00fcste NaturSafari: Die versteckten Tiere im Wattenmeer 1. juli 2026 - 31. august 2026 10:00 00:00 S\u00f8nderballevej, Ho, 6857 Bl\u00e5vand Langli \u2013 Die unbewohnte UNESCO Insel im Wattenmeer 21. juli 2026 - 4. september 2026 12:00 16:00 S\u00f8nderballevej i Ho, 6857 Bl\u00e5vand Aktivit\u00e4ten in der Umgebung Entdecken Sie kommende [&hellip;]","og_url":"https:\/\/tirpitz.dk\/de\/veranstaltungskalender\/","og_site_name":"Tirpitz","article_modified_time":"2025-09-11T09:58:12+00:00","twitter_card":"summary_large_image","twitter_misc":{"Gesch\u00e4tzte Lesezeit":"1\u00a0Minute"},"schema":{"@context":"https:\/\/schema.org","@graph":[{"@type":"WebPage","@id":"https:\/\/tirpitz.dk\/de\/veranstaltungskalender\/","url":"https:\/\/tirpitz.dk\/de\/veranstaltungskalender\/","name":"Veranstaltungskalender - Tirpitz","isPartOf":{"@id":"https:\/\/tirpitz.dk\/#website"},"datePublished":"2024-07-04T12:19:06+00:00","dateModified":"2025-09-11T09:58:12+00:00","breadcrumb":{"@id":"https:\/\/tirpitz.dk\/de\/veranstaltungskalender\/#breadcrumb"},"inLanguage":"de","potentialAction":[{"@type":"ReadAction","target":["https:\/\/tirpitz.dk\/de\/veranstaltungskalender\/"]}]},{"@type":"BreadcrumbList","@id":"https:\/\/tirpitz.dk\/de\/veranstaltungskalender\/#breadcrumb","itemListElement":[{"@type":"ListItem","position":1,"name":"Hjem","item":"https:\/\/tirpitz.dk\/de\/"},{"@type":"ListItem","position":2,"name":"Veranstaltungskalender"}]},{"@type":"WebSite","@id":"https:\/\/tirpitz.dk\/#website","url":"https:\/\/tirpitz.dk\/","name":"Tirpitz","description":"Eine weitere Website der Vardemuseerne","publisher":{"@id":"https:\/\/tirpitz.dk\/#organization"},"potentialAction":[{"@type":"SearchAction","target":{"@type":"EntryPoint","urlTemplate":"https:\/\/tirpitz.dk\/?s={search_term_string}"},"query-input":{"@type":"PropertyValueSpecification","valueRequired":true,"valueName":"search_term_string"}}],"inLanguage":"de"},{"@type":"Organization","@id":"https:\/\/tirpitz.dk\/#organization","name":"Tirpitz","url":"https:\/\/tirpitz.dk\/","logo":{"@type":"ImageObject","inLanguage":"de","@id":"https:\/\/tirpitz.dk\/#\/schema\/logo\/image\/","url":"https:\/\/tirpitz.dk\/wp-content\/uploads\/sites\/2\/2022\/03\/tirpitz_yellow.svg","contentUrl":"https:\/\/tirpitz.dk\/wp-content\/uploads\/sites\/2\/2022\/03\/tirpitz_yellow.svg","width":147,"height":32,"caption":"Tirpitz"},"image":{"@id":"https:\/\/tirpitz.dk\/#\/schema\/logo\/image\/"}}]}},"_links":{"self":[{"href":"https:\/\/tirpitz.dk\/de\/wp-json\/wp\/v2\/pages\/6393","targetHints":{"allow":["GET"]}}],"collection":[{"href":"https:\/\/tirpitz.dk\/de\/wp-json\/wp\/v2\/pages"}],"about":[{"href":"https:\/\/tirpitz.dk\/de\/wp-json\/wp\/v2\/types\/page"}],"author":[{"embeddable":true,"href":"https:\/\/tirpitz.dk\/de\/wp-json\/wp\/v2\/users\/14"}],"replies":[{"embeddable":true,"href":"https:\/\/tirpitz.dk\/de\/wp-json\/wp\/v2\/comments?post=6393"}],"version-history":[{"count":11,"href":"https:\/\/tirpitz.dk\/de\/wp-json\/wp\/v2\/pages\/6393\/revisions"}],"predecessor-version":[{"id":6890,"href":"https:\/\/tirpitz.dk\/de\/wp-json\/wp\/v2\/pages\/6393\/revisions\/6890"}],"wp:attachment":[{"href":"https:\/\/tirpitz.dk\/de\/wp-json\/wp\/v2\/media?parent=6393"}],"curies":[{"name":"wp","href":"https:\/\/api.w.org\/{rel}","templated":true}]}}