{"id":1642,"date":"2022-07-28T10:42:29","date_gmt":"2022-07-28T08:42:29","guid":{"rendered":"https:\/\/tirpitz.dk\/?page_id=1642"},"modified":"2022-08-07T21:07:55","modified_gmt":"2022-08-07T19:07:55","slug":"datenschutz-bestimmungen","status":"publish","type":"page","link":"https:\/\/tirpitz.dk\/de\/datenschutz-bestimmungen\/","title":{"rendered":"Datenschutz-Bestimmungen"},"content":{"rendered":"<div id=\"pl-1642\"  class=\"panel-layout\" ><div id=\"pg-1642-0\"  class=\"panel-grid panel-no-style\" ><div id=\"pgc-1642-0-0\"  class=\"panel-grid-cell\" ><div id=\"panel-1642-0-0-0\" class=\"so-panel widget widget_mtt-cover panel-first-child panel-last-child\" data-index=\"0\" ><div\n\t\t\t\n\t\t\tclass=\"so-widget-mtt-cover so-widget-mtt-cover-base\"\n\t\t\t\n\t\t><div class=\"mtt-cover mtt-cover--sub\">\n  <div class=\"mtt-cover__image-container\">\n    <div class=\"mtt-cover__image-container--image overlay\">\n        <div class=\"mtt-image-video-block normal\">\n            <div class=\"mtt-image object-fit\">\n            <picture fetchpriority=\"auto\">\n                                            <img decoding=\"async\" src=\"https:\/\/tirpitz.dk\/wp-content\/uploads\/sites\/2\/2022\/05\/MikeBink_Tirpitz_03-scaled-2000x1331.jpg\" alt=\"Tirpitz-bunkeren\" fetchpriority=\"auto\">\n            <\/picture>\n        <\/div>\n        <\/div>\n    <\/div>\n  <\/div>\n      <div class=\"mtt-cover__text-container cover_page_container\">\n    <div class=\"mtt-cover__text-wrap\">\n                          <div class=\"mtt-cover__title\">\n            <h1>Datenschutz-Bestimmungen<\/h1>\n          <\/div>\n                          <div class=\"mtt-cover__text\">\n              Auf dieser Seite k\u00f6nnen Sie mehr \u00fcber unsere Datenschutz- und Cookie-Richtlinien lesen          <\/div>\n                    <\/div>\n        <\/div>\n  <div class=\"mtt-cover__svg\">\n      <svg xmlns=\"http:\/\/www.w3.org\/2000\/svg\" width=\"1923.042\" height=\"382.637\" viewBox=\"0 0 1923.042 382.637\">\n  <g transform=\"translate(3.043 -557.001)\">\n    <path data-name=\"Subtraction 4\" d=\"M-6280.959-923.362H-8204v-276.768l103.044,67.374v85.516l487.976,113.711,500.138-139.6,382.083,30.8,158.417-66.99,95.493,59.2,95.891-59.444v-119.605l.215-.167c.976-.758,97.6-75.766,99.786-76.667v382.636Z\" transform=\"translate(8200.958 1863)\" fill=\"#13181a\"\/>\n    <path data-name=\"Path 9461\" d=\"M9832.678,2077.319l-158.48,67.017-382.219-30.352,120.473-123.219,420.227,86.554Z\" transform=\"translate(-8203.999 -1323.664)\" fill=\"#13181a\" opacity=\"0.5\"\/>\n    <path data-name=\"Path 9462\" d=\"M9930.352,2036.573l-56.324,47.2v82.025l95.891-59.444v-69.777Z\" transform=\"translate(-8149.918 -1352.911)\" fill=\"#13181a\" opacity=\"0.5\"\/>\n    <path data-name=\"Path 9463\" d=\"M8304,2046.53l82.661-22.4v126.95L8304,2131.594Z\" transform=\"translate(-8204 -1316)\" fill=\"#13181a\" opacity=\"0.5\"\/>\n  <\/g>\n<\/svg>  <\/div>\n<\/div><\/div><\/div><\/div><\/div><div id=\"pg-1642-1\"  class=\"panel-grid panel-no-style\" ><div id=\"pgc-1642-1-0\"  class=\"panel-grid-cell\" ><div id=\"panel-1642-1-0-0\" class=\"so-panel widget widget_mtt-text panel-first-child\" data-index=\"1\" ><div\n\t\t\t\n\t\t\tclass=\"so-widget-mtt-text so-widget-mtt-text-base\"\n\t\t\t\n\t\t>\n<div class=\"mtt-text\">\n  <div class=\"mtt-text__inner page_container\">\n    <div class=\"styled-text\">\n        <p><script id=\"CookieDeclaration\" src=\"https:\/\/consent.cookiebot.com\/f4085cbe-77b6-4430-a10e-e71a9b634ab8\/cd.js\" type=\"text\/javascript\" async><\/script><\/p>\n    <\/div>\n  <\/div>\n<\/div>\n\n\n<\/div><\/div><div id=\"panel-1642-1-0-1\" class=\"so-panel widget widget_mtt-text panel-last-child\" data-index=\"2\" ><div\n\t\t\t\n\t\t\tclass=\"so-widget-mtt-text so-widget-mtt-text-base\"\n\t\t\t\n\t\t>\n<div class=\"mtt-text\">\n  <div class=\"mtt-text__inner page_container\">\n    <div class=\"styled-text\">\n        <h2>Pers\u00f6nliche Informationen<\/h2>\n<p>Personenbezogene Daten sind alle Arten von Informationen, die Ihnen bis zu einem gewissen Grad zugeordnet werden k\u00f6nnen. Wenn Sie unsere Website nutzen, erheben und verarbeiten wir solche Informationen.<\/p>\n<p>Wenn Sie uns \u00fcber das Kontaktformular kontaktieren, speichern wir diese Daten f\u00fcr 60 Tage. Sie haben jederzeit die M\u00f6glichkeit, Daten l\u00f6schen zu lassen, indem Sie uns kontaktieren.<\/p>\n    <\/div>\n  <\/div>\n<\/div>\n\n\n<\/div><\/div><\/div><\/div><\/div>","protected":false},"excerpt":{"rendered":"<p>Datenschutz-Bestimmungen Auf dieser Seite k\u00f6nnen Sie mehr \u00fcber unsere Datenschutz- und Cookie-Richtlinien lesen Pers\u00f6nliche Informationen Personenbezogene Daten sind alle Arten von Informationen, die Ihnen bis zu einem gewissen Grad zugeordnet werden k\u00f6nnen. Wenn Sie unsere Website nutzen, erheben und verarbeiten wir solche Informationen. Wenn Sie uns \u00fcber das Kontaktformular kontaktieren, speichern wir diese Daten f\u00fcr [&hellip;]<\/p>\n","protected":false},"author":4,"featured_media":0,"parent":0,"menu_order":0,"comment_status":"closed","ping_status":"closed","template":"","meta":{"_acf_changed":false,"inline_featured_image":false,"footnotes":""},"class_list":["post-1642","page","type-page","status-publish","hentry"],"acf":[],"yoast_head":"<!-- This site is optimized with the Yoast SEO plugin v27.1 - https:\/\/yoast.com\/product\/yoast-seo-wordpress\/ -->\n<title>Datenschutz-Bestimmungen - Tirpitz<\/title>\n<meta name=\"robots\" content=\"index, follow, max-snippet:-1, max-image-preview:large, max-video-preview:-1\" \/>\n<link rel=\"canonical\" href=\"https:\/\/tirpitz.dk\/de\/datenschutz-bestimmungen\/\" \/>\n<meta property=\"og:locale\" content=\"de_DE\" \/>\n<meta property=\"og:type\" content=\"article\" \/>\n<meta property=\"og:title\" content=\"Datenschutz-Bestimmungen - Tirpitz\" \/>\n<meta property=\"og:description\" content=\"Datenschutz-Bestimmungen Auf dieser Seite k\u00f6nnen Sie mehr \u00fcber unsere Datenschutz- und Cookie-Richtlinien lesen Pers\u00f6nliche Informationen Personenbezogene Daten sind alle Arten von Informationen, die Ihnen bis zu einem gewissen Grad zugeordnet werden k\u00f6nnen. Wenn Sie unsere Website nutzen, erheben und verarbeiten wir solche Informationen. Wenn Sie uns \u00fcber das Kontaktformular kontaktieren, speichern wir diese Daten f\u00fcr [&hellip;]\" \/>\n<meta property=\"og:url\" content=\"https:\/\/tirpitz.dk\/de\/datenschutz-bestimmungen\/\" \/>\n<meta property=\"og:site_name\" content=\"Tirpitz\" \/>\n<meta property=\"article:modified_time\" content=\"2022-08-07T19:07:55+00:00\" \/>\n<meta name=\"twitter:card\" content=\"summary_large_image\" \/>\n<script type=\"application\/ld+json\" class=\"yoast-schema-graph\">{\"@context\":\"https:\/\/schema.org\",\"@graph\":[{\"@type\":\"WebPage\",\"@id\":\"https:\/\/tirpitz.dk\/de\/datenschutz-bestimmungen\/\",\"url\":\"https:\/\/tirpitz.dk\/de\/datenschutz-bestimmungen\/\",\"name\":\"Datenschutz-Bestimmungen - Tirpitz\",\"isPartOf\":{\"@id\":\"https:\/\/tirpitz.dk\/#website\"},\"datePublished\":\"2022-07-28T08:42:29+00:00\",\"dateModified\":\"2022-08-07T19:07:55+00:00\",\"breadcrumb\":{\"@id\":\"https:\/\/tirpitz.dk\/de\/datenschutz-bestimmungen\/#breadcrumb\"},\"inLanguage\":\"de\",\"potentialAction\":[{\"@type\":\"ReadAction\",\"target\":[\"https:\/\/tirpitz.dk\/de\/datenschutz-bestimmungen\/\"]}]},{\"@type\":\"BreadcrumbList\",\"@id\":\"https:\/\/tirpitz.dk\/de\/datenschutz-bestimmungen\/#breadcrumb\",\"itemListElement\":[{\"@type\":\"ListItem\",\"position\":1,\"name\":\"Hjem\",\"item\":\"https:\/\/tirpitz.dk\/de\/\"},{\"@type\":\"ListItem\",\"position\":2,\"name\":\"Datenschutz-Bestimmungen\"}]},{\"@type\":\"WebSite\",\"@id\":\"https:\/\/tirpitz.dk\/#website\",\"url\":\"https:\/\/tirpitz.dk\/\",\"name\":\"Tirpitz\",\"description\":\"Eine weitere Website der Vardemuseerne\",\"publisher\":{\"@id\":\"https:\/\/tirpitz.dk\/#organization\"},\"potentialAction\":[{\"@type\":\"SearchAction\",\"target\":{\"@type\":\"EntryPoint\",\"urlTemplate\":\"https:\/\/tirpitz.dk\/?s={search_term_string}\"},\"query-input\":{\"@type\":\"PropertyValueSpecification\",\"valueRequired\":true,\"valueName\":\"search_term_string\"}}],\"inLanguage\":\"de\"},{\"@type\":\"Organization\",\"@id\":\"https:\/\/tirpitz.dk\/#organization\",\"name\":\"Tirpitz\",\"url\":\"https:\/\/tirpitz.dk\/\",\"logo\":{\"@type\":\"ImageObject\",\"inLanguage\":\"de\",\"@id\":\"https:\/\/tirpitz.dk\/#\/schema\/logo\/image\/\",\"url\":\"https:\/\/tirpitz.dk\/wp-content\/uploads\/sites\/2\/2022\/03\/tirpitz_yellow.svg\",\"contentUrl\":\"https:\/\/tirpitz.dk\/wp-content\/uploads\/sites\/2\/2022\/03\/tirpitz_yellow.svg\",\"width\":147,\"height\":32,\"caption\":\"Tirpitz\"},\"image\":{\"@id\":\"https:\/\/tirpitz.dk\/#\/schema\/logo\/image\/\"}}]}<\/script>\n<!-- \/ Yoast SEO plugin. -->","yoast_head_json":{"title":"Datenschutz-Bestimmungen - Tirpitz","robots":{"index":"index","follow":"follow","max-snippet":"max-snippet:-1","max-image-preview":"max-image-preview:large","max-video-preview":"max-video-preview:-1"},"canonical":"https:\/\/tirpitz.dk\/de\/datenschutz-bestimmungen\/","og_locale":"de_DE","og_type":"article","og_title":"Datenschutz-Bestimmungen - Tirpitz","og_description":"Datenschutz-Bestimmungen Auf dieser Seite k\u00f6nnen Sie mehr \u00fcber unsere Datenschutz- und Cookie-Richtlinien lesen Pers\u00f6nliche Informationen Personenbezogene Daten sind alle Arten von Informationen, die Ihnen bis zu einem gewissen Grad zugeordnet werden k\u00f6nnen. Wenn Sie unsere Website nutzen, erheben und verarbeiten wir solche Informationen. Wenn Sie uns \u00fcber das Kontaktformular kontaktieren, speichern wir diese Daten f\u00fcr [&hellip;]","og_url":"https:\/\/tirpitz.dk\/de\/datenschutz-bestimmungen\/","og_site_name":"Tirpitz","article_modified_time":"2022-08-07T19:07:55+00:00","twitter_card":"summary_large_image","schema":{"@context":"https:\/\/schema.org","@graph":[{"@type":"WebPage","@id":"https:\/\/tirpitz.dk\/de\/datenschutz-bestimmungen\/","url":"https:\/\/tirpitz.dk\/de\/datenschutz-bestimmungen\/","name":"Datenschutz-Bestimmungen - Tirpitz","isPartOf":{"@id":"https:\/\/tirpitz.dk\/#website"},"datePublished":"2022-07-28T08:42:29+00:00","dateModified":"2022-08-07T19:07:55+00:00","breadcrumb":{"@id":"https:\/\/tirpitz.dk\/de\/datenschutz-bestimmungen\/#breadcrumb"},"inLanguage":"de","potentialAction":[{"@type":"ReadAction","target":["https:\/\/tirpitz.dk\/de\/datenschutz-bestimmungen\/"]}]},{"@type":"BreadcrumbList","@id":"https:\/\/tirpitz.dk\/de\/datenschutz-bestimmungen\/#breadcrumb","itemListElement":[{"@type":"ListItem","position":1,"name":"Hjem","item":"https:\/\/tirpitz.dk\/de\/"},{"@type":"ListItem","position":2,"name":"Datenschutz-Bestimmungen"}]},{"@type":"WebSite","@id":"https:\/\/tirpitz.dk\/#website","url":"https:\/\/tirpitz.dk\/","name":"Tirpitz","description":"Eine weitere Website der Vardemuseerne","publisher":{"@id":"https:\/\/tirpitz.dk\/#organization"},"potentialAction":[{"@type":"SearchAction","target":{"@type":"EntryPoint","urlTemplate":"https:\/\/tirpitz.dk\/?s={search_term_string}"},"query-input":{"@type":"PropertyValueSpecification","valueRequired":true,"valueName":"search_term_string"}}],"inLanguage":"de"},{"@type":"Organization","@id":"https:\/\/tirpitz.dk\/#organization","name":"Tirpitz","url":"https:\/\/tirpitz.dk\/","logo":{"@type":"ImageObject","inLanguage":"de","@id":"https:\/\/tirpitz.dk\/#\/schema\/logo\/image\/","url":"https:\/\/tirpitz.dk\/wp-content\/uploads\/sites\/2\/2022\/03\/tirpitz_yellow.svg","contentUrl":"https:\/\/tirpitz.dk\/wp-content\/uploads\/sites\/2\/2022\/03\/tirpitz_yellow.svg","width":147,"height":32,"caption":"Tirpitz"},"image":{"@id":"https:\/\/tirpitz.dk\/#\/schema\/logo\/image\/"}}]}},"_links":{"self":[{"href":"https:\/\/tirpitz.dk\/de\/wp-json\/wp\/v2\/pages\/1642","targetHints":{"allow":["GET"]}}],"collection":[{"href":"https:\/\/tirpitz.dk\/de\/wp-json\/wp\/v2\/pages"}],"about":[{"href":"https:\/\/tirpitz.dk\/de\/wp-json\/wp\/v2\/types\/page"}],"author":[{"embeddable":true,"href":"https:\/\/tirpitz.dk\/de\/wp-json\/wp\/v2\/users\/4"}],"replies":[{"embeddable":true,"href":"https:\/\/tirpitz.dk\/de\/wp-json\/wp\/v2\/comments?post=1642"}],"version-history":[{"count":4,"href":"https:\/\/tirpitz.dk\/de\/wp-json\/wp\/v2\/pages\/1642\/revisions"}],"predecessor-version":[{"id":2139,"href":"https:\/\/tirpitz.dk\/de\/wp-json\/wp\/v2\/pages\/1642\/revisions\/2139"}],"wp:attachment":[{"href":"https:\/\/tirpitz.dk\/de\/wp-json\/wp\/v2\/media?parent=1642"}],"curies":[{"name":"wp","href":"https:\/\/api.w.org\/{rel}","templated":true}]}}